{"id":7892,"date":"2024-05-22T06:22:06","date_gmt":"2024-05-22T06:22:06","guid":{"rendered":"https:\/\/www.vitamotusag.com\/datenschutzerklaerung\/"},"modified":"2025-08-20T06:35:08","modified_gmt":"2025-08-20T06:35:08","slug":"datenschutzerklaerung","status":"publish","type":"page","link":"https:\/\/vitamotusag.com\/de\/datenschutzerklaerung\/","title":{"rendered":"Datenschutzerkl\u00e4rung"},"content":{"rendered":"\t\t<div data-elementor-type=\"wp-page\" data-elementor-id=\"7892\" class=\"elementor elementor-7892 elementor-3\" data-elementor-post-type=\"page\">\n\t\t\t\t<div class=\"elementor-element elementor-element-1b1d7a1 e-flex e-con-boxed e-con e-parent\" data-id=\"1b1d7a1\" data-element_type=\"container\">\n\t\t\t\t\t<div class=\"e-con-inner\">\n\t\t<div class=\"elementor-element elementor-element-174c86c e-con-full e-flex e-con e-child\" data-id=\"174c86c\" data-element_type=\"container\">\n\t\t\t\t<div class=\"elementor-element elementor-element-1def142 elementor-widget elementor-widget-heading\" data-id=\"1def142\" data-element_type=\"widget\" data-widget_type=\"heading.default\">\n\t\t\t\t<div class=\"elementor-widget-container\">\n\t\t\t\t\t<h1 class=\"elementor-heading-title elementor-size-default\">Datenschutzerkl\u00e4rung<\/h1>\t\t\t\t<\/div>\n\t\t\t\t<\/div>\n\t\t\t\t<\/div>\n\t\t\t\t\t<\/div>\n\t\t\t\t<\/div>\n\t\t<div class=\"elementor-element elementor-element-d067daa e-flex e-con-boxed e-con e-parent\" data-id=\"d067daa\" data-element_type=\"container\">\n\t\t\t\t\t<div class=\"e-con-inner\">\n\t\t\t\t<div class=\"elementor-element elementor-element-f51317d elementor-widget elementor-widget-text-editor\" data-id=\"f51317d\" data-element_type=\"widget\" data-widget_type=\"text-editor.default\">\n\t\t\t\t<div class=\"elementor-widget-container\">\n\t\t\t\t\t\t\t\t\t<p class=\"font_8 wixui-rich-text__text\">Stand: 24.10.2023<\/p>\n<p class=\"font_8 wixui-rich-text__text\"><span class=\"wixui-rich-text__text\">\u200b<\/span><\/p>\n<p class=\"font_8 wixui-rich-text__text\"><strong><span class=\"wixui-rich-text__text\">1. Allgemeines  <\/span><\/strong><\/p>\n<p class=\"font_8 wixui-rich-text__text\">Diese Datenschutzerkl\u00e4rung gibt Auskunft dar\u00fcber, wie Vita Motus AG in eigener Verantwortung Personendaten beschafft und bearbeitet.<\/p>\n<p class=\"font_8 wixui-rich-text__text\"><span class=\"wixui-rich-text__text\">\u200b<\/span><\/p>\n<p class=\"font_8 wixui-rich-text__text\">Vita Motus AG setzt auf einen transparenten und kundenfreundlichen Umgang mit Personendaten, und der Schutz dieser Personendaten ist ihr ein wichtiges Anliegen. Diese Datenschutzerkl\u00e4rung gibt Ihnen einen \u00dcberblick dar\u00fcber, wie Vita Motus AG mit Personendaten umgeht. Gleichzeitig erfahren Sie, welche Rechte Ihnen das Datenschutzgesetz gibt.  <\/p>\n<p class=\"font_8 wixui-rich-text__text\"><span class=\"wixui-rich-text__text\">\u200b<\/span><\/p>\n<p class=\"font_8 wixui-rich-text__text\">Unter <span class=\"wixui-rich-text__text\">\u201ePersonendaten\u201c<\/span> sind alle Angaben zu verstehen, die sich auf eine bestimmte oder bestimmbare natu\u0308rliche Person beziehen. Dazu geh\u00f6ren insbesondere Kontaktdaten wie Namen, Telefonnummern, Post- und E-Mail-Adressen. Als<span class=\"wixui-rich-text__text\"> \u201eBearbeiten\u201c<\/span> gilt jeder Umgang mit Personendaten, unabha\u0308ngig von den angewandten Mitteln und Verfahren, insbesondere das Beschaffen, Speichern, Aufbewahren, Verwenden, Vera\u0308ndern, Bekanntgeben, Archivieren, Lo\u0308schen oder Vernichten von Personendaten.  <\/p>\n<p class=\"font_8 wixui-rich-text__text\"><span class=\"wixui-rich-text__text\">\u200b<\/span><\/p>\n<p class=\"font_8 wixui-rich-text__text\">Diese Datenschutzerkl\u00e4rung richtet sich an Personen, deren Daten bearbeitet werden. Wenn Sie uns Personendaten anderer Personen zur Verf\u00fcgung stellen, gehen wir davon aus, dass Sie dazu befugt sind und diese Personendaten richtig sind. Mit der \u00dcbermittlung von Personendaten \u00fcber Dritte best\u00e4tigen Sie dies. Bitte stellen Sie sicher, dass diese Personen die vorliegende Datenschutzerkl\u00e4rung kennen.   <\/p>\n<p> <\/p>\n<p class=\"font_8 wixui-rich-text__text\"><strong><span class=\"wixui-rich-text__text\">2. Verantwortlicher und Kontakt  <\/span><\/strong><\/p>\n<p class=\"font_8 wixui-rich-text__text\">F\u00fcr die Bearbeitung Ihrer Personendaten ist Vita Motus AG verantwortlich. Zur Aus\u00fcbung Ihrer Rechte k\u00f6nnen Sie sich an Vita Motus AG wie folgt wenden: <\/p>\n<p class=\"font_8 wixui-rich-text__text\">Vita motus AG<\/p>\n<p class=\"font_8 wixui-rich-text__text\">Industriestrasse2<br class=\"wixui-rich-text__text\">8008 Wattwil<\/p>\n<p class=\"font_8 wixui-rich-text__text\"><a class=\"wixui-rich-text__text\" href=\"mailto:office@vitamotusag.ch\" data-auto-recognition=\"true\">office@vitamotusag.ch<\/a><\/p>\n<p class=\"font_8 wixui-rich-text__text\"><span class=\"wixui-rich-text__text\">\u200b<\/span><\/p>\n<p class=\"font_8 wixui-rich-text__text\"><strong><span class=\"wixui-rich-text__text\">3. Erhebung und Bearbeitung von Personendaten  <\/span><\/strong><\/p>\n<p class=\"font_8 wixui-rich-text__text\">Vita Motus AG beschafft und bearbeitet prim\u00e4r Personendaten, die ihr von der betroffenen Person mitgeteilt werden, z.B. bei Erbringung von Dienstleistungen, im Rahmen der Abwicklung von Vertr\u00e4gen, der Inanspruchnahme von Produkten und Dienstleistungen oder auf Webseiten oder weiteren Anwendungen. Sie bearbeitet zudem Personendaten, die im Rahmen der Inanspruchnahme von Produkten oder Dienstleistungen anfallen und \u00fcbermittelt werden. Vita Motus AG kann, soweit dies erlaubt ist, Personendaten bei \u00f6ffentlich zug\u00e4nglichen Quellen, von Beh\u00f6rden oder bei sonstigen Dritten beschaffen.  <\/p>\n<p class=\"font_8 wixui-rich-text__text\"><span class=\"wixui-rich-text__text\">\u200b<\/span><\/p>\n<p class=\"font_8 wixui-rich-text__text\"><strong><span class=\"wixui-rich-text__text\">4. Herkunft und Kategorien von Personendaten  <\/span><\/strong><\/p>\n<p class=\"font_8 wixui-rich-text__text\">Vita Motus AG bearbeitet Personendaten, die Sie ihr bekannt geben (z.B. beim Besuch, im Rahmen der Dienstleistungserbringung oder Innanspruchnahme der Dienstleistung) und die \u00f6ffentlich zug\u00e4nglich sind (z.B. im Handelsregister).<\/p>\n<p class=\"font_8 wixui-rich-text__text\">Vita Motus AG bearbeitet verschiedene Kategorien von Personendaten. Die wichtigsten Kategorien sind die nachfolgenden: <\/p>\n<ul>\n<li class=\"font_8 wixui-rich-text__text\">Kommunikationsdaten (z.B. Daten im schriftlichen, telefonischen oder elektronischen Verkehr, etc)<\/li>\n<li class=\"font_8 wixui-rich-text__text\">Dokumentationsdaten (z.B. Informationen \u00fcber Vertr\u00e4ge, abgeschlossene Gesch\u00e4fte, Informationen \u00fcber Dritte, die von einer Datenbearbeitung mitbetroffen sind, etc)<\/li>\n<li class=\"font_8 wixui-rich-text__text\">Wir bearbeiten von allen Kontakt-, Dialog- und Vertragspartnern sowie Kunden zumindest die folgenden Personendaten:  <\/li>\n<li class=\"font_8 wixui-rich-text__text\">Name, Vorname, E-Mail-Adresse und gegebenenfalls Geschlecht, Adresse, Telefonnummer, Titel, Geburtsdatum, Nationalit\u00e4t, Beruf, Informationen zum Arbeitgeber, Titel;<\/li>\n<li class=\"font_8 wixui-rich-text__text\">E-Mail- und schriftliche Korrespondenz (Post)<\/li>\n<\/ul>\n<p> <\/p>\n<p class=\"font_8 wixui-rich-text__text\">Viele dieser Daten gibt die betroffene Person Vita Motus AG selbst bekannt. Die Kategorien von Personendaten, die Vita Motus AG von Dritten erh\u00e4lt, kann insbesondere umfassen Angaben aus \u00f6ffentlichen Registern, Angaben aus Medien und Internet. <\/p>\n<p class=\"font_8 wixui-rich-text__text\"><span class=\"wixui-rich-text__text\">\u200b<\/span><\/p>\n<p class=\"font_8 wixui-rich-text__text\"><strong><span class=\"wixui-rich-text__text\">5. Zweck der Bearbeitung  <\/span><\/strong><\/p>\n<p class=\"font_8 wixui-rich-text__text\">Vita Motus AG bearbeitet Personendaten in erster Linie zur Erbringung eigener Leistungen, zur Abwicklung der Vertr\u00e4ge mit Kunden und Gesch\u00e4ftspartnern sowie, um gesetzlichen Pflichten nachzukommen.<\/p>\n<p class=\"font_8 wixui-rich-text__text\">Dar\u00fcber hinaus bearbeitet Vita Motus AG Personendaten, soweit erlaubt und angezeigt f\u00fcr folgende Zwecke:<\/p>\n<ul>\n<li class=\"font_8 wixui-rich-text__text\">Abschluss und Erf\u00fcllen von Vertr\u00e4gen, Durchf\u00fchrung, Abwicklung und Verwaltung von Produkten und Dienstleistungen (z.B. Rechnungen, Zahlungen);<\/li>\n<li class=\"font_8 wixui-rich-text__text\">Wahrung der Interessen und Sicherung der Anspr\u00fcche von Vita Motus AG, z.B. im Falle von Forderungen gegen\u00fcber Vita Motus AG gegen\u00fcber Dritten;<\/li>\n<li class=\"font_8 wixui-rich-text__text\">Gew\u00e4hrleistung des Betriebs, insbesondere der IT, der Website sowie weiterer Plattformen.<\/li>\n<\/ul>\n<p class=\"font_8 wixui-rich-text__text\"><span class=\"wixui-rich-text__text\">\u200b<\/span><\/p>\n<p class=\"font_8 wixui-rich-text__text\"><strong><span class=\"wixui-rich-text__text\">6. Daten \u00fcber das Personal<\/span><\/strong><\/p>\n<p class=\"font_8 wixui-rich-text__text\">F\u00fcr die Mitarbeiterverwaltung werden folgende Daten bearbeitet:<\/p>\n<ul>\n<li class=\"font_8 wixui-rich-text__text\">Generelle Kontakt- und Grunddaten;<\/li>\n<li class=\"font_8 wixui-rich-text__text\">Sozialversicherungsangaben\/AHV-nr.;<\/li>\n<li class=\"font_8 wixui-rich-text__text\">Informationen \u00fcber Kinder;<\/li>\n<li class=\"font_8 wixui-rich-text__text\">Informationen \u00fcber die Stelle innerhalb unseres Unternehmens wie Anstellungsdatum, Funktion, Gehalt, Arbeitsvertrag;<\/li>\n<li class=\"font_8 wixui-rich-text__text\">Bewerbungsinformationen wie Motivationsschreiben, Lebenslauf, Arbeitszeugnisse, Diplome, Auswertung der Bewerbungsgespr\u00e4che, Assessments, Referenzausk\u00fcnfte;<\/li>\n<li class=\"font_8 wixui-rich-text__text\">Finanzinformationen und Bankverbindungen;<\/li>\n<li class=\"font_8 wixui-rich-text__text\">F\u00fcr quellenbesteuerte Mitarbeiterinnen und Mitarbeiter: Konfession, Ausl\u00e4nderausweis, Angaben \u00fcber andere Erwerbst\u00e4tigkeiten, Ersatzeink\u00fcnfte und Partnerinformationen;<\/li>\n<li class=\"font_8 wixui-rich-text__text\">Informationen zu periodischen Beurteilungsgespr\u00e4chen;<\/li>\n<li class=\"font_8 wixui-rich-text__text\">Zeit- und Ferienerfassung;<\/li>\n<li class=\"font_8 wixui-rich-text__text\">Informationen \u00fcber Krankheiten, Unf\u00e4lle, Mutterschafts- oder Vaterschaftsurlaub, Milit\u00e4r oder Zivilschutz;<\/li>\n<li class=\"font_8 wixui-rich-text__text\">Straf- und\/oder Betreibungsregisterausz\u00fcge.<\/li>\n<\/ul>\n<p> <\/p>\n<p class=\"font_8 wixui-rich-text__text\">Bewerbungsunterlagen, die nicht zu einer Einstellung f\u00fchren, werden nach Abschluss des Bewerbungsverfahrens, soweit wir nicht eine Einwilligung zur Aufbewahrung erhalten, gel\u00f6scht\/vernichtet.  <\/p>\n<p class=\"font_8 wixui-rich-text__text\">Die Daten dienen einer korrekten Abwicklung im Personalwesen, der Erf\u00fcllung der vertraglichen Beziehung (Arbeitsvertrag) und werden haupts\u00e4chlich von den Mitarbeitenden eingereicht.  <\/p>\n<p class=\"font_8 wixui-rich-text__text\"><span class=\"wixui-rich-text__text\">\u200b<\/span><\/p>\n<p class=\"font_8 wixui-rich-text__text\"><strong><span class=\"wixui-rich-text__text\">7. Lieferanten und sonstige Vertragspartner<\/span><\/strong><\/p>\n<ul>\n<li class=\"font_8 wixui-rich-text__text\">Wir bearbeiten folgende Personendaten von Gesch\u00e4ftspartnern, die Dienstleistungen oder Lieferungen f\u00fcr uns erbringen:<\/li>\n<li class=\"font_8 wixui-rich-text__text\">Generelle Kontakt- und Grunddaten gem\u00e4ss;<\/li>\n<li class=\"font_8 wixui-rich-text__text\">Finanzinformationen wie Bankverbindungen<\/li>\n<li class=\"font_8 wixui-rich-text__text\">Im Vertrag vorhandene Informationen (wie Daten \u00fcber die zust\u00e4ndigen Mitarbeitenden, Berater, Informationen \u00fcber die erbrachte Leistung usw.).<\/li>\n<\/ul>\n<p class=\"font_8 wixui-rich-text__text\">Wir bearbeiten diese Daten in Erf\u00fcllung eines Vertrags und in Anwendung der gesetzlichen Aufbewahrungsfristen des Handels- und Steuerrechts. Haben unsere Vertragspartner in Erf\u00fcllung ihres Auftrags Zugriff zu unseren Personendaten (z.B. IT-Firmen), schliessen wir mit ihnen einen entsprechenden Auftragsbearbeitungsvertrag ab. <\/p>\n<p class=\"font_8 wixui-rich-text__text\"><span class=\"wixui-rich-text__text\">\u200b<\/span><\/p>\n<p class=\"font_8 wixui-rich-text__text\"><strong><span class=\"wixui-rich-text__text\">8. Ihre rechte<\/span><\/strong><\/p>\n<p class=\"font_8 wixui-rich-text__text\">Sie haben das Recht auf Auskunft, Berichtigung, L\u00f6schung, Einschr\u00e4nkung, Widerspruch sowie \u2013 soweit anwendbar \u2013 das Recht auf Daten\u00fcbertragbarkeit. Dar\u00fcber hinaus besteht ein Beschwerderecht bei einer zust\u00e4ndigen Datenschutzaufsichtsbeh\u00f6rde. <\/p>\n<p class=\"font_8 wixui-rich-text__text\">Auskunftsgesuche nimmt Vita Motus AG schriftlich, zusammen mit einer gut leserlichen Kopie eines g\u00fcltigen amtlichen Ausweises (z.B. Pass, Identit\u00e4tskarte). Die Kontaktdaten sind in Ziff. 2 zu entnehmen.  <\/p>\n<p class=\"font_8 wixui-rich-text__text\">Bei den L\u00f6sch- und Widerspruchsrechten handelt es sich nicht um uneingeschr\u00e4nkte Rechte. Je nach Einzelfall k\u00f6nnen \u00fcbergeordnete Interessen eine weitere Bearbeitung erforderlich machen. Vita Motus AG pr\u00fcft jeden Einzelfall und teilt Ihnen das Ergebnis mit.  <\/p>\n<p class=\"font_8 wixui-rich-text__text\"><span class=\"wixGuard wixui-rich-text__text\">\u200b<\/span><\/p>\n<p class=\"font_8 wixui-rich-text__text\"><strong><span class=\"wixui-rich-text__text\">9. Datensicherheit  <\/span><\/strong><\/p>\n<p class=\"font_8 wixui-rich-text__text\">Vita Motus AG verpflichtet sich f\u00fcr die in ihrer Verantwortung liegenden Datenbearbeitungen nach Massgabe der anwendbaren Gesetze zum Schutz von Personendaten. Der Schutz der Personendaten umfasst angemessene technische und organisatorische Sicherheitsmassnahmen (z.B. Zugangsbeschr\u00e4nkungen, Firewalls, personifizierte Passw\u00f6rter sowie Verschl\u00fcsselungs- und Authentifizierungstechnologien, Schulung von Mitarbeitern, etc.). <\/p>\n<p class=\"font_8 wixui-rich-text__text\"><span class=\"wixGuard wixui-rich-text__text\">\u200b<\/span><\/p>\n<p class=\"font_8 wixui-rich-text__text\"><strong><span class=\"wixui-rich-text__text\">10. Bekanntgabe an Dritte und Daten\u00fcbermittlung ins Ausland<\/span> <\/strong><\/p>\n<p class=\"font_8 wixui-rich-text__text\">Vita Motus AG gibt Personendaten in folgenden F\u00e4llen folgenden Dritten (Empf\u00e4nger) bekannt:<\/p>\n<ul>\n<li class=\"font_8 wixui-rich-text__text\">F\u00fcr Auslagerungen und zum Zweck der Kundenbetreuung an andere Dienstleister<\/li>\n<li class=\"font_8 wixui-rich-text__text\">Zur Auftragsausf\u00fchrung, d.h. bei Inanspruchnahme von Produkten oder Dienstleistungen<\/li>\n<li class=\"font_8 wixui-rich-text__text\">Aufgrund gesetzlicher Verpflichtungen, gesetzlicher Rechtfertigungsgr\u00fcnde oder beh\u00f6rdlicher Anordnungen, z.B. an Gerichte, Aufsichtsbeh\u00f6rden, Steuerbeh\u00f6rden oder andere Dritte<\/li>\n<li class=\"font_8 wixui-rich-text__text\">Soweit erforderlich zur Wahrung berechtigter Interessen, bei \u00f6ffentlichen \u00c4usserungen, zur Sicherung von Anspr\u00fcchen von Vita Motus AGvon gegen\u00fcber Kunden oder Dritten, beim Inkasso von Forderungen etc.<\/li>\n<li class=\"font_8 wixui-rich-text__text\">Mit der Einwilligung der Betroffenen an sonstige Dritte<\/li>\n<li class=\"font_8 wixui-rich-text__text\">Empf\u00e4nger von Personendaten sind \u00fcblicherweise im Inland. Insbesondere bei Inanspruchnahme gewisser Produkte oder Dienstleistung werden Personendaten unter Umst\u00e4nden auch Dritten ausserhalb der Schweiz (z.B. Europa) bekannt gegeben. <\/li>\n<\/ul>\n<p> <\/p>\n<p class=\"font_8 wixui-rich-text__text\">Befindet sich ein Empf\u00e4nger in einem Land ohne angemessenes Datenschutzniveau verpflichtet sich Vita Motus AG den Empf\u00e4nger vertraglich zur Einhaltung des anwendbaren Datenschutzes (z.B. mit Standardvertragsklauseln), sofern der Empf\u00e4nger nicht bereits einem gesetzlich anerkannten Regelwerk zur Sicherstellung des Datenschutzes unterliegt oder Vita Motus AG sich nicht auf eine Ausnahmebestimmung st\u00fctzen kann.<\/p>\n<p class=\"font_8 wixui-rich-text__text\"><span class=\"wixGuard wixui-rich-text__text\">\u200b<\/span><\/p>\n<p class=\"font_8 wixui-rich-text__text\"><strong><span class=\"wixui-rich-text__text\">11. Inanspruchnahme weiterer Auftragsgeber \/ Datenbearbeitung durch Dritte  <\/span><\/strong><\/p>\n<p class=\"font_8 wixui-rich-text__text\">Die Dienstleister, welche Personendaten im Auftrag von Vita Motus AG bearbeiten (z.B. Buchhaltung, Personalwesen, Rechtswesen etc.) werden sorgf\u00e4ltig ausgew\u00e4hlt. Die Auftragsbearbeiter sind u.U. berechtigt, gewisse Dienstleistungen ihrerseits durch Dritte erbringen zu lassen. <\/p>\n<p class=\"font_8 wixui-rich-text__text\"><span class=\"wixGuard wixui-rich-text__text\">\u200b<\/span><\/p>\n<p class=\"font_8 wixui-rich-text__text\">Die Auftragsbearbeiter d\u00fcrfen erhaltene Personendaten nur so bearbeiten wie Vita Motus AG als alleiniger Verantwortlicher selbst und sind vertraglich dazu verpflichtet, die Vertraulichkeit und die Sicherheit der Daten zu gew\u00e4hrleisten.<\/p>\n<p class=\"font_8 wixui-rich-text__text\"><span class=\"wixGuard wixui-rich-text__text\">\u200b<\/span><\/p>\n<p class=\"font_8 wixui-rich-text__text\"><strong><span class=\"wixui-rich-text__text\">12. Nutzung von Webseiten und Cookie Policy  <\/span><\/strong><\/p>\n<p class=\"font_8 wixui-rich-text__text\">Wenn eine Person diese Website besucht, registriert der Webserver automatisch Einzelheiten zu deren Besuch (z.B. die Webseite von welcher aus der Besuch stattfindet, die IP-Adresse des Besuchers, die Inhalte der Webseite, die abgerufen werden, inkl. Datum und Dauer des Besuches). Solche Trackingdaten dienen der Optimierung der Webseite und geben Auskunft dar\u00fcber, wie sich der Besucher \u00fcber die Produkte, Dienstleistungen und Angebote informiert und diese nutzt. Sie lassen jedoch in der Regel keinen R\u00fcckschluss auf die Identit\u00e4t des Besuchers zu. Insofern werden keine Personendaten bearbeitet.   <\/p>\n<p class=\"font_8 wixui-rich-text__text\">Zudem erkl\u00e4rt sich ein Besucher mit seiner Benutzung der Webseite mit der Verwendung von Cookies einverstanden. Cookies sind kleine Dateien, die auf dem Computer des Besuchers gespeichert werden, um den entsprechenden Webseite-Besuch und die Navigation zwischen verschiedenen Seiten zu verfolgen und\/oder Einstellungen zu speichern (z.B. gew\u00e4hlte Sprache). Cookies dienen dazu, statistische Daten \u00fcber H\u00e4ufigkeit und Zeit der Besuche einzelner Webseiten-Bereiche zu sammeln, und helfen dabei, massgeschneiderte, n\u00fctzliche und benutzerfreundliche Webseiten zu gestalten. Der Besucher kann sich jederzeit gegen die Verwendung von Cookies entscheiden, indem er die von Webseite gesetzten Cookies l\u00f6scht. Eine L\u00f6schung ist \u00fcber die Einstellungen im Internet-Browser des Besuchers m\u00f6glich.    <\/p>\n<p class=\"font_8 wixui-rich-text__text\"><span class=\"wixGuard wixui-rich-text__text\">\u200b<\/span><\/p>\n<p class=\"font_8 wixui-rich-text__text\"><strong><span class=\"wixui-rich-text__text\">13. Dauer der Aufbewahrung  <\/span><\/strong><\/p>\n<p class=\"font_8 wixui-rich-text__text\">Die Dauer der Aufbewahrung der Personendaten richtet sich nach dem Zweck der jeweiligen Datenbearbeitung und\/oder gesetzlichen Aufbewahrungs- und Dokumentationspflichten, welche je nach anwendbarer Rechtsgrundlage f\u00fcnf, zehn oder mehr Jahre betragen. Sobald die Personendaten f\u00fcr die oben genannten Zwecke nicht mehr erforderlich sind, werden sie grunds\u00e4tzlich und soweit m\u00f6glich gel\u00f6scht oder anonymisiert. <\/p>\n<p class=\"font_8 wixui-rich-text__text\"><span class=\"wixGuard wixui-rich-text__text\">\u200b<\/span><\/p>\n<p class=\"font_8 wixui-rich-text__text\"><strong><span class=\"wixui-rich-text__text\">14. Rechte der betroffenen Personen<\/span> <\/strong><\/p>\n<p class=\"font_8 wixui-rich-text__text\">Jeder kann bei Vita Motus AG Auskunft dar\u00fcber verlangen, ob Personendaten \u00fcber ihn\/sie bearbeitet werden. Es besteht das Recht auf Widerspruch, Einschr\u00e4nkung der Verarbeitung und, soweit anwendbar, das Recht auf Daten\u00fcbertragbarkeit. Fehlerhafte Daten k\u00f6nnen berichtigt werden. \u00dcberdies kann die L\u00f6schung der personenbezogenen Daten verlangt werden, sofern nicht gesetzliche oder regulatorische Vorschriften (z.B. gesetzliche Aufbewahrungspflichten von gesch\u00e4ftsrelevanten Daten) oder technische H\u00fcrden entgegenstehen. Die L\u00f6schung von Daten kann zur Folge haben, dass gewisse Dienstleistungen nicht mehr erbracht werden k\u00f6nnen. Dar\u00fcber hinaus besteht, soweit anwendbar, ein Beschwerderecht bei einer zust\u00e4ndigen Beh\u00f6rde. Verarbeitet Vita Motus AG Personendaten aufgrund einer Einwilligung, kann diese Einwilligung jederzeit widerrufen werden. Es ist zu beachten, dass sich Vita Motus AG vorbeh\u00e4lt, ihrerseits die gesetzlich vorgesehenen Einschr\u00e4nkungen geltend zu machen, etwa wenn diese zur Aufbewahrung oder Bearbeitung gewisser Daten verpflichtet sind, daran ein \u00fcberwiegendes Interesse hat (soweit sie sich darauf berufen darf) oder sie f\u00fcr die Geltendmachung von Anspr\u00fcchen ben\u00f6tigt.       <\/p>\n<p class=\"font_8 wixui-rich-text__text\"><span class=\"wixGuard wixui-rich-text__text\">\u200b<\/span><\/p>\n<p class=\"font_8 wixui-rich-text__text\"><strong><span class=\"wixui-rich-text__text\">15. \u00c4nderungen  <\/span><\/strong><\/p>\n<p class=\"font_8 wixui-rich-text__text\">Die vorliegende Datenschutzerkl\u00e4rung ist kein Vertragsbestandteil zwischen Vita Motus AG und Ihnen. Vita Motus AG kann diese Datenschutzerkl\u00e4rung jederzeit ohne Vorank\u00fcndigung anpassen. Es gilt die jeweils aktuelle, auf der Website von Vita Motus AG publizierte Fassung.  <\/p>\t\t\t\t\t\t\t\t<\/div>\n\t\t\t\t<\/div>\n\t\t\t\t\t<\/div>\n\t\t\t\t<\/div>\n\t\t\t\t<\/div>\n\t\t","protected":false},"excerpt":{"rendered":"<p>Datenschutzerkl\u00e4rung Stand: 24.10.2023 \u200b 1. Allgemeines Diese Datenschutzerkl\u00e4rung gibt Auskunft dar\u00fcber, wie Vita Motus AG in eigener Verantwortung Personendaten beschafft und bearbeitet. \u200b Vita Motus AG setzt auf einen transparenten und kundenfreundlichen Umgang mit Personendaten, und der Schutz dieser Personendaten ist ihr ein wichtiges Anliegen. Diese Datenschutzerkl\u00e4rung gibt Ihnen einen \u00dcberblick dar\u00fcber, wie Vita Motus [&hellip;]<\/p>\n","protected":false},"author":1,"featured_media":0,"parent":0,"menu_order":0,"comment_status":"closed","ping_status":"open","template":"","meta":{"_acf_changed":false,"footnotes":""},"class_list":["post-7892","page","type-page","status-publish","hentry"],"acf":[],"_links":{"self":[{"href":"https:\/\/vitamotusag.com\/de\/wp-json\/wp\/v2\/pages\/7892","targetHints":{"allow":["GET"]}}],"collection":[{"href":"https:\/\/vitamotusag.com\/de\/wp-json\/wp\/v2\/pages"}],"about":[{"href":"https:\/\/vitamotusag.com\/de\/wp-json\/wp\/v2\/types\/page"}],"author":[{"embeddable":true,"href":"https:\/\/vitamotusag.com\/de\/wp-json\/wp\/v2\/users\/1"}],"replies":[{"embeddable":true,"href":"https:\/\/vitamotusag.com\/de\/wp-json\/wp\/v2\/comments?post=7892"}],"version-history":[{"count":1,"href":"https:\/\/vitamotusag.com\/de\/wp-json\/wp\/v2\/pages\/7892\/revisions"}],"predecessor-version":[{"id":7893,"href":"https:\/\/vitamotusag.com\/de\/wp-json\/wp\/v2\/pages\/7892\/revisions\/7893"}],"wp:attachment":[{"href":"https:\/\/vitamotusag.com\/de\/wp-json\/wp\/v2\/media?parent=7892"}],"curies":[{"name":"wp","href":"https:\/\/api.w.org\/{rel}","templated":true}]}}